{"id":838,"date":"2021-03-21T10:10:22","date_gmt":"2021-03-21T09:10:22","guid":{"rendered":"http:\/\/www.timseidl-productions.de\/?page_id=838"},"modified":"2026-03-03T14:37:34","modified_gmt":"2026-03-03T13:37:34","slug":"impressum","status":"publish","type":"page","link":"https:\/\/www.timseidl-productions.de\/en\/impressum\/","title":{"rendered":"Imprint"},"content":{"rendered":"<p>[et_pb_section fb_built=&#8220;1&#8243; _builder_version=&#8220;4.16&#8243; hover_enabled=&#8220;0&#8243; global_colors_info=&#8220;{}&#8220; sticky_enabled=&#8220;0&#8243;][et_pb_row _builder_version=&#8220;4.16&#8243; background_size=&#8220;initial&#8220; background_position=&#8220;top_left&#8220; background_repeat=&#8220;repeat&#8220; global_colors_info=&#8220;{}&#8220;][et_pb_column type=&#8220;4_4&#8243; _builder_version=&#8220;4.16&#8243; custom_padding=&#8220;|||&#8220; global_colors_info=&#8220;{}&#8220; custom_padding__hover=&#8220;|||&#8220;][et_pb_text _builder_version=&#8220;4.16&#8243; background_size=&#8220;initial&#8220; background_position=&#8220;top_left&#8220; background_repeat=&#8220;repeat&#8220; global_colors_info=&#8220;{}&#8220;]<\/p>\n<nav data-toggle-icon=\"&lt;i aria-hidden=&quot;true&quot; tabindex=&quot;0&quot; class=&quot;fas fa-align-justify&quot;&gt;&lt;\/i&gt;\" data-close-icon=\"&lt;i aria-hidden=&quot;true&quot; tabindex=&quot;0&quot; class=&quot;far fa-window-close&quot;&gt;&lt;\/i&gt;\" data-full-width=\"yes\"><\/nav>\n<h2>TIM SEIDL-PRODUCTIONS<\/h2>\n<p>Impressum:<\/p>\n<p>Angaben gem\u00e4\u00df \u00a7 5 TMG<\/p>\n<p><strong>Hauptsitz<\/strong><\/p>\n<p><strong> <\/strong><\/p>\n<p><strong><\/strong>Tim Seidl-PRODUCTIONS GmbH<br \/>Margarete-Steiff-Stra\u00dfe 1<br \/>74547 Unterm\u00fcnkheim<\/p>\n<p><strong>Vertreten durch den Gesch\u00e4ftsf\u00fchrer:<\/strong><br \/>Tim Seidl<\/p>\n<p><strong>Kontakt<\/strong><\/p>\n<p>Telefon: +49 151 26524154<br \/>E-Mail: Info@timseidl-productions.de<\/p>\n<p><strong>Umsatzsteuer-ID<\/strong><\/p>\n<p>Umsatzsteuer-Identifikationsnummer gem\u00e4\u00df \u00a727 a Umsatzsteuergesetz:<\/p>\n<p><span>DE358438932 <\/span><\/p>\n<div><\/div>\n<p><strong>Verantwortlich f\u00fcr den Inhalt nach \u00a7 55 Abs. 2 RStV<\/strong><\/p>\n<p>Tim Seidl<br \/>Tim Seidl-PRODUCTIONS GmbH<br \/>Margarete-Steiff-Stra\u00dfe 1<br \/>74547 Unterm\u00fcnkheim<\/p>\n<p><strong>Streitschlichtung<\/strong><\/p>\n<p>Die Europ\u00e4ische Kommission stellt eine Plattform zur Online-Streitbeilegung (OS) bereit:\u00a0<a href=\"https:\/\/ec.europa.eu\/consumers\/odr\">https:\/\/ec.europa.eu\/consumers\/odr<\/a>.<br \/>Unsere E-Mail-Adresse finden Sie oben im Impressum.<\/p>\n<p>Wir sind nicht bereit oder verpflichtet, an Streitbeilegungsverfahren vor einer Verbraucherschlichtungsstelle teilzunehmen.<\/p>\n<p><strong>Haftung f\u00fcr Inhalte<\/strong><\/p>\n<p>Als Diensteanbieter sind wir gem\u00e4\u00df \u00a7 7 Abs.1 TMG f\u00fcr eigene Inhalte auf diesen Seiten nach den allgemeinen Gesetzen verantwortlich. Nach \u00a7\u00a7 8 bis 10 TMG sind wir als Diensteanbieter jedoch nicht verpflichtet, \u00fcbermittelte oder gespeicherte fremde Informationen zu \u00fcberwachen oder nach Umst\u00e4nden zu forschen, die auf eine rechtswidrige T\u00e4tigkeit hinweisen.<\/p>\n<p>Verpflichtungen zur Entfernung oder Sperrung der Nutzung von Informationen nach den allgemeinen Gesetzen bleiben hiervon unber\u00fchrt. Eine diesbez\u00fcgliche Haftung ist jedoch erst ab dem Zeitpunkt der Kenntnis einer konkreten Rechtsverletzung m\u00f6glich. Bei Bekanntwerden von entsprechenden Rechtsverletzungen werden wir diese Inhalte umgehend entfernen.<\/p>\n<p><strong>Haftung f\u00fcr Links<\/strong><\/p>\n<p>Unser Angebot enth\u00e4lt Links zu externen Websites Dritter, auf deren Inhalte wir keinen Einfluss haben. Deshalb k\u00f6nnen wir f\u00fcr diese fremden Inhalte auch keine Gew\u00e4hr \u00fcbernehmen. F\u00fcr die Inhalte der verlinkten Seiten ist stets der jeweilige Anbieter oder Betreiber der Seiten verantwortlich. Die verlinkten Seiten wurden zum Zeitpunkt der Verlinkung auf m\u00f6gliche Rechtsverst\u00f6\u00dfe \u00fcberpr\u00fcft. Rechtswidrige Inhalte waren zum Zeitpunkt der Verlinkung nicht erkennbar.<\/p>\n<p>Eine permanente inhaltliche Kontrolle der verlinkten Seiten ist jedoch ohne konkrete Anhaltspunkte einer Rechtsverletzung nicht zumutbar. Bei Bekanntwerden von Rechtsverletzungen werden wir derartige Links umgehend entfernen.<\/p>\n<p><strong>Urheberrecht<\/strong><\/p>\n<p>Die durch die Seitenbetreiber erstellten Inhalte und Werke auf diesen Seiten unterliegen dem deutschen Urheberrecht. Die Vervielf\u00e4ltigung, Bearbeitung, Verbreitung und jede Art der Verwertung au\u00dferhalb der Grenzen des Urheberrechtes bed\u00fcrfen der schriftlichen Zustimmung des jeweiligen Autors bzw. Erstellers. Downloads und Kopien dieser Seite sind nur f\u00fcr den privaten, nicht kommerziellen Gebrauch gestattet.<\/p>\n<p>Soweit die Inhalte auf dieser Seite nicht vom Betreiber erstellt wurden, werden die Urheberrechte Dritter beachtet. Insbesondere werden Inhalte Dritter als solche gekennzeichnet. Sollten Sie trotzdem auf eine Urheberrechtsverletzung aufmerksam werden, bitten wir um einen entsprechenden Hinweis. Bei Bekanntwerden von Rechtsverletzungen werden wir derartige Inhalte umgehend entfernen.<\/p>\n<hr \/>\n<hr \/>\n<p><strong>Site Notice<\/strong><\/p>\n<p><strong>Information pursuant to \u00a7 5 TMG<\/strong><\/p>\n<p>Tim Seidl-PRODUCTIONS GmbH<br \/>Margarete-Steiff-Stra\u00dfe 1<br \/>74547 Unterm\u00fcnkheim<\/p>\n<p><strong>Represented by the managing director:<\/strong><br \/>Tim Seidl<\/p>\n<p><strong>Contact<\/strong><\/p>\n<p>Phone: +49 151 26524154<br \/>E-mail: Info@timseidl-productions.de<\/p>\n<p><strong>VAT ID<\/strong><\/p>\n<p>Sales tax identification number according to \u00a7 27 a of the Sales Tax Law:<\/p>\n<p><strong>Responsible for the content according to \u00a7 55(2) RStV<\/strong><\/p>\n<p>Tim Seidl<br \/>Tim Seidl-PRODUCTIONS GmbH<br \/>Margarete-Steiff-Stra\u00dfe 1<br \/>74547 Unterm\u00fcnkheim<\/p>\n<p><strong>EU dispute resolution<\/strong><\/p>\n<p>The European Commission provides a platform for online dispute resolution (ODR):\u00a0<a href=\"https:\/\/ec.europa.eu\/consumers\/odr\">https:\/\/ec.europa.eu\/consumers\/odr<\/a>.<br \/>Our e-mail address can be found above in the site notice.<\/p>\n<p>We are not willing or obliged to participate in dispute resolution proceedings before a consumer arbitration board.<\/p>\n<p><strong>Liability for Contents<\/strong><\/p>\n<p>As service providers, we are liable for own contents of these websites according to Sec. 7, paragraph 1 German Telemedia Act (TMG). However, according to Sec. 8 to 10 German Telemedia Act (TMG), service providers are not obligated to permanently monitor submitted or stored information or to search for evidences that indicate illegal activities.<\/p>\n<p>Legal obligations to removing information or to blocking the use of information remain unchallenged. In this case, liability is only possible at the time of knowledge about a specific violation of law. Illegal contents will be removed immediately at the time we get knowledge of them.<\/p>\n<p><strong>Liability for Links<\/strong><\/p>\n<p>Our offer includes links to external third party websites. We have no influence on the contents of those websites, therefore we cannot guarantee for those contents. Providers or administrators of linked websites are always responsible for their own contents.<\/p>\n<p>The linked websites had been checked for possible violations of law at the time of the establishment of the link. Illegal contents were not detected at the time of the linking. A permanent monitoring of the contents of linked websites cannot be imposed without reasonable indications that there has been a violation of law. Illegal links will be removed immediately at the time we get knowledge of them.<\/p>\n<p><strong>Copyright<\/strong><\/p>\n<p>Contents and compilations published on these websites by the providers are subject to German copyright laws. Reproduction, editing, distribution as well as the use of any kind outside the scope of the copyright law require a written permission of the author or originator. Downloads and copies of these websites are permitted for private use only.<br \/>The commercial use of our contents without permission of the originator is prohibited.<\/p>\n<p>Copyright laws of third parties are respected as long as the contents on these websites do not originate from the provider. Contributions of third parties on this site are indicated as such. However, if you notice any violations of copyright law, please inform us. Such contents will be removed immediately.<\/p>\n<p>&nbsp;<\/p>\n<p>[\/et_pb_text][\/et_pb_column][\/et_pb_row][\/et_pb_section]<\/p>\n","protected":false},"excerpt":{"rendered":"<p>TIM SEIDL-PRODUCTIONS Impressum: Angaben gem\u00e4\u00df \u00a7 5 TMG Hauptsitz Tim Seidl-PRODUCTIONS GmbHMargarete-Steiff-Stra\u00dfe 174547 Unterm\u00fcnkheim Vertreten durch den Gesch\u00e4ftsf\u00fchrer:Tim Seidl Kontakt Telefon: +49 151 26524154E-Mail: Info@timseidl-productions.de Umsatzsteuer-ID Umsatzsteuer-Identifikationsnummer gem\u00e4\u00df \u00a727 a Umsatzsteuergesetz: DE358438932 Verantwortlich f\u00fcr den Inhalt nach \u00a7 55 Abs. 2 RStV Tim SeidlTim Seidl-PRODUCTIONS GmbHMargarete-Steiff-Stra\u00dfe 174547 Unterm\u00fcnkheim Streitschlichtung Die Europ\u00e4ische Kommission stellt eine Plattform [&hellip;]<\/p>\n","protected":false},"author":1,"featured_media":0,"parent":0,"menu_order":0,"comment_status":"closed","ping_status":"closed","template":"","meta":{"_et_pb_use_builder":"on","_et_pb_old_content":"<nav data-toggle-icon=\"&lt;i aria-hidden=&quot;true&quot; tabindex=&quot;0&quot; class=&quot;fas fa-align-justify&quot;&gt;&lt;\/i&gt;\" data-close-icon=\"&lt;i aria-hidden=&quot;true&quot; tabindex=&quot;0&quot; class=&quot;far fa-window-close&quot;&gt;&lt;\/i&gt;\" data-full-width=\"yes\">\n\n<\/nav>\n<h2>TIM SEIDL-PRODUCTIONS<\/h2>\nImpressum:\n\nAngaben gem\u00e4\u00df \u00a7 5 TMG\n\n<strong>Haupts<\/strong>Tim Seidl-PRODUCTIONS GmbH\nIn der Kerz 4\n74545 Michelfeld\n\n<strong>Vertreten durch den Gesch\u00e4ftsf\u00fchrer:<\/strong>\nTim Seidl\n\n<strong>Kontakt<\/strong>\n\nTelefon: +49 151 26524154\nE-Mail: Info@timseidl-productions.de\n\n<strong>Umsatzsteuer-ID<\/strong>\n\nUmsatzsteuer-Identifikationsnummer gem\u00e4\u00df \u00a727 a Umsatzsteuergesetz:\n\nDE330585360\n\n<strong>Verantwortlich f\u00fcr den Inhalt nach \u00a7 55 Abs. 2 RStV<\/strong>\n\nTim Seidl\nTim Seidl-PRODUCTIONS GmbH\nIn der Kerz 4\n74545 Michelfeld\n\n<strong>Streitschlichtung<\/strong>\n\nDie Europ\u00e4ische Kommission stellt eine Plattform zur Online-Streitbeilegung (OS) bereit:\u00a0<a href=\"https:\/\/ec.europa.eu\/consumers\/odr\">https:\/\/ec.europa.eu\/consumers\/odr<\/a>.\nUnsere E-Mail-Adresse finden Sie oben im Impressum.\n\nWir sind nicht bereit oder verpflichtet, an Streitbeilegungsverfahren vor einer Verbraucherschlichtungsstelle teilzunehmen.\n\n<strong>Haftung f\u00fcr Inhalte<\/strong>\n\nAls Diensteanbieter sind wir gem\u00e4\u00df \u00a7 7 Abs.1 TMG f\u00fcr eigene Inhalte auf diesen Seiten nach den allgemeinen Gesetzen verantwortlich. Nach \u00a7\u00a7 8 bis 10 TMG sind wir als Diensteanbieter jedoch nicht verpflichtet, \u00fcbermittelte oder gespeicherte fremde Informationen zu \u00fcberwachen oder nach Umst\u00e4nden zu forschen, die auf eine rechtswidrige T\u00e4tigkeit hinweisen.\n\nVerpflichtungen zur Entfernung oder Sperrung der Nutzung von Informationen nach den allgemeinen Gesetzen bleiben hiervon unber\u00fchrt. Eine diesbez\u00fcgliche Haftung ist jedoch erst ab dem Zeitpunkt der Kenntnis einer konkreten Rechtsverletzung m\u00f6glich. Bei Bekanntwerden von entsprechenden Rechtsverletzungen werden wir diese Inhalte umgehend entfernen.\n\n<strong>Haftung f\u00fcr Links<\/strong>\n\nUnser Angebot enth\u00e4lt Links zu externen Websites Dritter, auf deren Inhalte wir keinen Einfluss haben. Deshalb k\u00f6nnen wir f\u00fcr diese fremden Inhalte auch keine Gew\u00e4hr \u00fcbernehmen. F\u00fcr die Inhalte der verlinkten Seiten ist stets der jeweilige Anbieter oder Betreiber der Seiten verantwortlich. Die verlinkten Seiten wurden zum Zeitpunkt der Verlinkung auf m\u00f6gliche Rechtsverst\u00f6\u00dfe \u00fcberpr\u00fcft. Rechtswidrige Inhalte waren zum Zeitpunkt der Verlinkung nicht erkennbar.\n\nEine permanente inhaltliche Kontrolle der verlinkten Seiten ist jedoch ohne konkrete Anhaltspunkte einer Rechtsverletzung nicht zumutbar. Bei Bekanntwerden von Rechtsverletzungen werden wir derartige Links umgehend entfernen.\n\n<strong>Urheberrecht<\/strong>\n\nDie durch die Seitenbetreiber erstellten Inhalte und Werke auf diesen Seiten unterliegen dem deutschen Urheberrecht. Die Vervielf\u00e4ltigung, Bearbeitung, Verbreitung und jede Art der Verwertung au\u00dferhalb der Grenzen des Urheberrechtes bed\u00fcrfen der schriftlichen Zustimmung des jeweiligen Autors bzw. Erstellers. Downloads und Kopien dieser Seite sind nur f\u00fcr den privaten, nicht kommerziellen Gebrauch gestattet.\n\nSoweit die Inhalte auf dieser Seite nicht vom Betreiber erstellt wurden, werden die Urheberrechte Dritter beachtet. Insbesondere werden Inhalte Dritter als solche gekennzeichnet. Sollten Sie trotzdem auf eine Urheberrechtsverletzung aufmerksam werden, bitten wir um einen entsprechenden Hinweis. Bei Bekanntwerden von Rechtsverletzungen werden wir derartige Inhalte umgehend entfernen.\n\n<hr \/>\n\n\n\n<hr \/>\n\n<strong>Site Notice<\/strong>\n\n<strong>Information pursuant to \u00a7 5 TMG<\/strong>\n\nTim Seidl-PRODUCTIONS GmbH\nIn der Kerz 4\n74545 Michelfeld\n\n<strong>Represented by the managing director:<\/strong>\nTim Seidl\n\n<strong>Contact<\/strong>\n\nPhone: +49 151 26524154\nE-mail: Info@timseidl-productions.de\n\n<strong>VAT ID<\/strong>\n\nSales tax identification number according to \u00a7 27 a of the Sales Tax Law:\n\n<strong>Responsible for the content according to \u00a7 55(2) RStV<\/strong>\n\nTim Seidl\nTim Seidl-PRODUCTIONS GmbH\nIn der Kerz 4\n74545 Michelfeld\n\n<strong>EU dispute resolution<\/strong>\n\nThe European Commission provides a platform for online dispute resolution (ODR):\u00a0<a href=\"https:\/\/ec.europa.eu\/consumers\/odr\">https:\/\/ec.europa.eu\/consumers\/odr<\/a>.\nOur e-mail address can be found above in the site notice.\n\nWe are not willing or obliged to participate in dispute resolution proceedings before a consumer arbitration board.\n\n<strong>Liability for Contents<\/strong>\n\nAs service providers, we are liable for own contents of these websites according to Sec. 7, paragraph 1 German Telemedia Act (TMG). However, according to Sec. 8 to 10 German Telemedia Act (TMG), service providers are not obligated to permanently monitor submitted or stored information or to search for evidences that indicate illegal activities.\n\nLegal obligations to removing information or to blocking the use of information remain unchallenged. In this case, liability is only possible at the time of knowledge about a specific violation of law. Illegal contents will be removed immediately at the time we get knowledge of them.\n\n<strong>Liability for Links<\/strong>\n\nOur offer includes links to external third party websites. We have no influence on the contents of those websites, therefore we cannot guarantee for those contents. Providers or administrators of linked websites are always responsible for their own contents.\n\nThe linked websites had been checked for possible violations of law at the time of the establishment of the link. Illegal contents were not detected at the time of the linking. A permanent monitoring of the contents of linked websites cannot be imposed without reasonable indications that there has been a violation of law. Illegal links will be removed immediately at the time we get knowledge of them.\n\n<strong>Copyright<\/strong>\n\nContents and compilations published on these websites by the providers are subject to German copyright laws. Reproduction, editing, distribution as well as the use of any kind outside the scope of the copyright law require a written permission of the author or originator. Downloads and copies of these websites are permitted for private use only.\nThe commercial use of our contents without permission of the originator is prohibited.\n\nCopyright laws of third parties are respected as long as the contents on these websites do not originate from the provider. Contributions of third parties on this site are indicated as such. However, if you notice any violations of copyright law, please inform us. Such contents will be removed immediately.\n<h3>Tim Seidl-PRODUCTIONS<\/h3>\n<ul>\n \t<li>Tim Seidl<\/li>\n \t<li>Hofrain 2<\/li>\n \t<li>74523 Schw\u00e4bisch Hall<\/li>\n<\/ul>\n<h3>DATEN<\/h3>\n<ul>\n \t<li><a href=\"http:\/\/www.timseidl-productions.de\/impressum\/\">\nImpressum\n<\/a><\/li>\n \t<li><a href=\"http:\/\/www.timseidl-productions.de\/datenschutzerklaerung\/\">\nDatenschutzerkl\u00e4rung\n<\/a><\/li>\n<\/ul>\n<h3>ANFRAGEN<\/h3>\n<ul>\n \t<li><a href=\"mailto:Info@timseidl-productions.de\">\nVideo\n<\/a><\/li>\n \t<li><a href=\"mailto:Info@timseidl-productions.de\">\nFoto\n<\/a><\/li>\n \t<li><a href=\"mailto:Info@timseidl-productions.de\">\nSonderwunsch\n<\/a><\/li>\n<\/ul>\n<h3>SOCIAL MEDIA<\/h3>\n<a href=\"mailto:Info@timseidl-productions.de\" target=\"_blank\" rel=\"noopener\">\nEnvelope\n<\/a>\n<a href=\"https:\/\/www.instagram.com\/tim_seidl\/?hl=de\" target=\"_blank\" rel=\"noopener\">\nInstagram\n<\/a>\n<a href=\"https:\/\/www.youtube.com\/channel\/UC3ZSuJSH2I7ywxt-TyNMjdA\" target=\"_blank\" rel=\"noopener\">\nYoutube\n<\/a>\n<a href=\"tel:015126524154\" target=\"_blank\" rel=\"noopener\">\nPhone-alt\n<\/a>\n\nCopyright \u00a9 2021. Tim Seidl-PRODUCTIONS","_et_gb_content_width":"","_monsterinsights_skip_tracking":false,"_monsterinsights_sitenote_active":false,"_monsterinsights_sitenote_note":"","_monsterinsights_sitenote_category":0,"footnotes":""},"class_list":["post-838","page","type-page","status-publish","hentry"],"yoast_head":"<!-- This site is optimized with the Yoast SEO plugin v27.4 - https:\/\/yoast.com\/product\/yoast-seo-wordpress\/ -->\n<title>Impressum - Tim Seidl-PRODUCTIONS<\/title>\n<meta name=\"description\" content=\"Mein Ziel ist es, meine Leidenschaft - Die Videografie und Fotografie \u2013 zu meinem Beruf zu machen. Mit anderen Worten, diese mit allen zu teilen und Sie pers\u00f6nlich davon zu \u00fcberzeugen.\" \/>\n<meta name=\"robots\" content=\"index, follow, max-snippet:-1, max-image-preview:large, max-video-preview:-1\" \/>\n<link rel=\"canonical\" href=\"https:\/\/www.timseidl-productions.de\/en\/impressum\/\" \/>\n<meta property=\"og:locale\" content=\"en_US\" \/>\n<meta property=\"og:type\" content=\"article\" \/>\n<meta property=\"og:title\" content=\"Impressum - Tim Seidl-PRODUCTIONS\" \/>\n<meta property=\"og:description\" content=\"Mein Ziel ist es, meine Leidenschaft - Die Videografie und Fotografie \u2013 zu meinem Beruf zu machen. Mit anderen Worten, diese mit allen zu teilen und Sie pers\u00f6nlich davon zu \u00fcberzeugen.\" \/>\n<meta property=\"og:url\" content=\"https:\/\/www.timseidl-productions.de\/en\/impressum\/\" \/>\n<meta property=\"og:site_name\" content=\"Tim Seidl-PRODUCTIONS\" \/>\n<meta property=\"article:publisher\" content=\"https:\/\/www.facebook.com\/Tim-Videographer-2351487798459069\" \/>\n<meta property=\"article:modified_time\" content=\"2026-03-03T13:37:34+00:00\" \/>\n<meta name=\"twitter:card\" content=\"summary_large_image\" \/>\n<meta name=\"twitter:label1\" content=\"Est. reading time\" \/>\n\t<meta name=\"twitter:data1\" content=\"5 minutes\" \/>\n<script type=\"application\/ld+json\" class=\"yoast-schema-graph\">{\"@context\":\"https:\\\/\\\/schema.org\",\"@graph\":[{\"@type\":\"WebPage\",\"@id\":\"https:\\\/\\\/www.timseidl-productions.de\\\/impressum\\\/\",\"url\":\"https:\\\/\\\/www.timseidl-productions.de\\\/impressum\\\/\",\"name\":\"Impressum - Tim Seidl-PRODUCTIONS\",\"isPartOf\":{\"@id\":\"https:\\\/\\\/www.timseidl-productions.de\\\/#website\"},\"datePublished\":\"2021-03-21T09:10:22+00:00\",\"dateModified\":\"2026-03-03T13:37:34+00:00\",\"description\":\"Mein Ziel ist es, meine Leidenschaft - Die Videografie und Fotografie \u2013 zu meinem Beruf zu machen. Mit anderen Worten, diese mit allen zu teilen und Sie pers\u00f6nlich davon zu \u00fcberzeugen.\",\"breadcrumb\":{\"@id\":\"https:\\\/\\\/www.timseidl-productions.de\\\/impressum\\\/#breadcrumb\"},\"inLanguage\":\"en-US\",\"potentialAction\":[{\"@type\":\"ReadAction\",\"target\":[\"https:\\\/\\\/www.timseidl-productions.de\\\/impressum\\\/\"]}]},{\"@type\":\"BreadcrumbList\",\"@id\":\"https:\\\/\\\/www.timseidl-productions.de\\\/impressum\\\/#breadcrumb\",\"itemListElement\":[{\"@type\":\"ListItem\",\"position\":1,\"name\":\"Startseite\",\"item\":\"https:\\\/\\\/www.timseidl-productions.de\\\/\"},{\"@type\":\"ListItem\",\"position\":2,\"name\":\"Impressum\"}]},{\"@type\":\"WebSite\",\"@id\":\"https:\\\/\\\/www.timseidl-productions.de\\\/#website\",\"url\":\"https:\\\/\\\/www.timseidl-productions.de\\\/\",\"name\":\"Tim Seidl-PRODUCTIONS\",\"description\":\"Image-Videos und Kurzfilme\",\"publisher\":{\"@id\":\"https:\\\/\\\/www.timseidl-productions.de\\\/#organization\"},\"potentialAction\":[{\"@type\":\"SearchAction\",\"target\":{\"@type\":\"EntryPoint\",\"urlTemplate\":\"https:\\\/\\\/www.timseidl-productions.de\\\/?s={search_term_string}\"},\"query-input\":{\"@type\":\"PropertyValueSpecification\",\"valueRequired\":true,\"valueName\":\"search_term_string\"}}],\"inLanguage\":\"en-US\"},{\"@type\":\"Organization\",\"@id\":\"https:\\\/\\\/www.timseidl-productions.de\\\/#organization\",\"name\":\"Tim Seidl-PRODUCTIONS\",\"url\":\"https:\\\/\\\/www.timseidl-productions.de\\\/\",\"logo\":{\"@type\":\"ImageObject\",\"inLanguage\":\"en-US\",\"@id\":\"https:\\\/\\\/www.timseidl-productions.de\\\/#\\\/schema\\\/logo\\\/image\\\/\",\"url\":\"https:\\\/\\\/i2.wp.com\\\/www.timseidl-productions.de\\\/wp-content\\\/uploads\\\/2021\\\/03\\\/cropped-Logo-Weiss-auf-Schwarz-1-1.png?fit=666%2C665&ssl=1\",\"contentUrl\":\"https:\\\/\\\/i2.wp.com\\\/www.timseidl-productions.de\\\/wp-content\\\/uploads\\\/2021\\\/03\\\/cropped-Logo-Weiss-auf-Schwarz-1-1.png?fit=666%2C665&ssl=1\",\"width\":666,\"height\":665,\"caption\":\"Tim Seidl-PRODUCTIONS\"},\"image\":{\"@id\":\"https:\\\/\\\/www.timseidl-productions.de\\\/#\\\/schema\\\/logo\\\/image\\\/\"},\"sameAs\":[\"https:\\\/\\\/www.facebook.com\\\/Tim-Videographer-2351487798459069\",\"https:\\\/\\\/www.instagram.com\\\/timseidl_productions\\\/?hl=de\",\"https:\\\/\\\/www.youtube.com\\\/channel\\\/UC3ZSuJSH2I7ywxt-TyNMjdA\"]}]}<\/script>\n<!-- \/ Yoast SEO plugin. -->","yoast_head_json":{"title":"Impressum - Tim Seidl-PRODUCTIONS","description":"Mein Ziel ist es, meine Leidenschaft - Die Videografie und Fotografie \u2013 zu meinem Beruf zu machen. Mit anderen Worten, diese mit allen zu teilen und Sie pers\u00f6nlich davon zu \u00fcberzeugen.","robots":{"index":"index","follow":"follow","max-snippet":"max-snippet:-1","max-image-preview":"max-image-preview:large","max-video-preview":"max-video-preview:-1"},"canonical":"https:\/\/www.timseidl-productions.de\/en\/impressum\/","og_locale":"en_US","og_type":"article","og_title":"Impressum - Tim Seidl-PRODUCTIONS","og_description":"Mein Ziel ist es, meine Leidenschaft - Die Videografie und Fotografie \u2013 zu meinem Beruf zu machen. Mit anderen Worten, diese mit allen zu teilen und Sie pers\u00f6nlich davon zu \u00fcberzeugen.","og_url":"https:\/\/www.timseidl-productions.de\/en\/impressum\/","og_site_name":"Tim Seidl-PRODUCTIONS","article_publisher":"https:\/\/www.facebook.com\/Tim-Videographer-2351487798459069","article_modified_time":"2026-03-03T13:37:34+00:00","twitter_card":"summary_large_image","twitter_misc":{"Est. reading time":"5 minutes"},"schema":{"@context":"https:\/\/schema.org","@graph":[{"@type":"WebPage","@id":"https:\/\/www.timseidl-productions.de\/impressum\/","url":"https:\/\/www.timseidl-productions.de\/impressum\/","name":"Impressum - Tim Seidl-PRODUCTIONS","isPartOf":{"@id":"https:\/\/www.timseidl-productions.de\/#website"},"datePublished":"2021-03-21T09:10:22+00:00","dateModified":"2026-03-03T13:37:34+00:00","description":"Mein Ziel ist es, meine Leidenschaft - Die Videografie und Fotografie \u2013 zu meinem Beruf zu machen. Mit anderen Worten, diese mit allen zu teilen und Sie pers\u00f6nlich davon zu \u00fcberzeugen.","breadcrumb":{"@id":"https:\/\/www.timseidl-productions.de\/impressum\/#breadcrumb"},"inLanguage":"en-US","potentialAction":[{"@type":"ReadAction","target":["https:\/\/www.timseidl-productions.de\/impressum\/"]}]},{"@type":"BreadcrumbList","@id":"https:\/\/www.timseidl-productions.de\/impressum\/#breadcrumb","itemListElement":[{"@type":"ListItem","position":1,"name":"Startseite","item":"https:\/\/www.timseidl-productions.de\/"},{"@type":"ListItem","position":2,"name":"Impressum"}]},{"@type":"WebSite","@id":"https:\/\/www.timseidl-productions.de\/#website","url":"https:\/\/www.timseidl-productions.de\/","name":"Tim Seidl-PRODUCTIONS","description":"Image-Videos und Kurzfilme","publisher":{"@id":"https:\/\/www.timseidl-productions.de\/#organization"},"potentialAction":[{"@type":"SearchAction","target":{"@type":"EntryPoint","urlTemplate":"https:\/\/www.timseidl-productions.de\/?s={search_term_string}"},"query-input":{"@type":"PropertyValueSpecification","valueRequired":true,"valueName":"search_term_string"}}],"inLanguage":"en-US"},{"@type":"Organization","@id":"https:\/\/www.timseidl-productions.de\/#organization","name":"Tim Seidl-PRODUCTIONS","url":"https:\/\/www.timseidl-productions.de\/","logo":{"@type":"ImageObject","inLanguage":"en-US","@id":"https:\/\/www.timseidl-productions.de\/#\/schema\/logo\/image\/","url":"https:\/\/i2.wp.com\/www.timseidl-productions.de\/wp-content\/uploads\/2021\/03\/cropped-Logo-Weiss-auf-Schwarz-1-1.png?fit=666%2C665&ssl=1","contentUrl":"https:\/\/i2.wp.com\/www.timseidl-productions.de\/wp-content\/uploads\/2021\/03\/cropped-Logo-Weiss-auf-Schwarz-1-1.png?fit=666%2C665&ssl=1","width":666,"height":665,"caption":"Tim Seidl-PRODUCTIONS"},"image":{"@id":"https:\/\/www.timseidl-productions.de\/#\/schema\/logo\/image\/"},"sameAs":["https:\/\/www.facebook.com\/Tim-Videographer-2351487798459069","https:\/\/www.instagram.com\/timseidl_productions\/?hl=de","https:\/\/www.youtube.com\/channel\/UC3ZSuJSH2I7ywxt-TyNMjdA"]}]}},"_links":{"self":[{"href":"https:\/\/www.timseidl-productions.de\/en\/wp-json\/wp\/v2\/pages\/838","targetHints":{"allow":["GET"]}}],"collection":[{"href":"https:\/\/www.timseidl-productions.de\/en\/wp-json\/wp\/v2\/pages"}],"about":[{"href":"https:\/\/www.timseidl-productions.de\/en\/wp-json\/wp\/v2\/types\/page"}],"author":[{"embeddable":true,"href":"https:\/\/www.timseidl-productions.de\/en\/wp-json\/wp\/v2\/users\/1"}],"replies":[{"embeddable":true,"href":"https:\/\/www.timseidl-productions.de\/en\/wp-json\/wp\/v2\/comments?post=838"}],"version-history":[{"count":9,"href":"https:\/\/www.timseidl-productions.de\/en\/wp-json\/wp\/v2\/pages\/838\/revisions"}],"predecessor-version":[{"id":7242,"href":"https:\/\/www.timseidl-productions.de\/en\/wp-json\/wp\/v2\/pages\/838\/revisions\/7242"}],"wp:attachment":[{"href":"https:\/\/www.timseidl-productions.de\/en\/wp-json\/wp\/v2\/media?parent=838"}],"curies":[{"name":"wp","href":"https:\/\/api.w.org\/{rel}","templated":true}]}}